{"id":2611,"date":"2023-01-23T08:02:32","date_gmt":"2023-01-23T07:02:32","guid":{"rendered":"https:\/\/lelimodin.com\/book\/"},"modified":"2023-11-13T14:18:58","modified_gmt":"2023-11-13T13:18:58","slug":"book","status":"publish","type":"page","link":"https:\/\/lelimodin.com\/en\/gites-in-seine-marne\/book\/","title":{"rendered":"Book"},"content":{"rendered":"\t\t<div data-elementor-type=\"wp-page\" data-elementor-id=\"2611\" class=\"elementor elementor-2611 elementor-67\" data-elementor-post-type=\"page\">\n\t\t\t\t<div class=\"elementor-element elementor-element-0a5b47f e-flex e-con-boxed e-con e-parent\" data-id=\"0a5b47f\" data-element_type=\"container\" data-e-type=\"container\">\n\t\t\t\t\t<div class=\"e-con-inner\">\n\t\t\t\t\t<\/div>\n\t\t\t\t<\/div>\n\t\t<div class=\"elementor-element elementor-element-468b1d7 e-flex e-con-boxed e-con e-parent\" data-id=\"468b1d7\" data-element_type=\"container\" data-e-type=\"container\">\n\t\t\t\t\t<div class=\"e-con-inner\">\n\t\t\t\t<div class=\"elementor-element elementor-element-a2593f4 elementor-widget elementor-widget-text-editor\" data-id=\"a2593f4\" data-element_type=\"widget\" data-e-type=\"widget\" data-widget_type=\"text-editor.default\">\n\t\t\t\t<div class=\"elementor-widget-container\">\n\t\t\t\t\t\t\t\t\t<p>Book your exceptional g\u00eete now<\/p>\n\t\t\t\t\t\t\t\t<\/div>\n\t\t\t\t<\/div>\n\t\t\t\t\t<\/div>\n\t\t\t\t<\/div>\n\t\t<div class=\"elementor-element elementor-element-aa27f5a e-flex e-con-boxed e-con e-parent\" data-id=\"aa27f5a\" data-element_type=\"container\" data-e-type=\"container\">\n\t\t\t\t\t<div class=\"e-con-inner\">\n\t\t<div class=\"elementor-element elementor-element-3f853116 e-con-full e-flex e-con e-child\" data-id=\"3f853116\" data-element_type=\"container\" data-e-type=\"container\">\n\t\t\t\t<div class=\"elementor-element elementor-element-8a49415 elementor-cta--skin-cover elementor-cta--valign-bottom elementor-animated-content elementor-bg-transform elementor-bg-transform-zoom-in elementor-widget elementor-widget-call-to-action\" data-id=\"8a49415\" data-element_type=\"widget\" data-e-type=\"widget\" data-widget_type=\"call-to-action.default\">\n\t\t\t\t<div class=\"elementor-widget-container\">\n\t\t\t\t\t\t\t<a class=\"elementor-cta\" href=\"https:\/\/lelimodin.com\/gites-seine-marne\/gites-le-grand\/\">\n\t\t\t\t\t<div class=\"elementor-cta__bg-wrapper\">\n\t\t\t\t<div class=\"elementor-cta__bg elementor-bg\" style=\"background-image: url(https:\/\/lelimodin.com\/wp-content\/uploads\/2023\/04\/salle-manger-salon-gite-le-grand-le-limodin.jpg);\" role=\"img\" aria-label=\"salle-manger-salon-gite-le-grand-le-limodin\"><\/div>\n\t\t\t\t<div class=\"elementor-cta__bg-overlay\"><\/div>\n\t\t\t<\/div>\n\t\t\t\t\t\t\t<div class=\"elementor-cta__content\">\n\t\t\t\t\n\t\t\t\t\n\t\t\t\t\n\t\t\t\t\t\t\t\t\t<div class=\"elementor-cta__button-wrapper elementor-cta__content-item elementor-content-item elementor-animated-item--grow\">\n\t\t\t\t\t<span class=\"elementor-cta__button elementor-button elementor-size-md\">\n\t\t\t\t\t\tBook\t\t\t\t\t<\/span>\n\t\t\t\t\t<\/div>\n\t\t\t\t\t\t\t<\/div>\n\t\t\t\t\t\t<\/a>\n\t\t\t\t\t\t<\/div>\n\t\t\t\t<\/div>\n\t\t\t\t<div class=\"elementor-element elementor-element-6f538616 elementor-widget elementor-widget-heading\" data-id=\"6f538616\" data-element_type=\"widget\" data-e-type=\"widget\" data-widget_type=\"heading.default\">\n\t\t\t\t<div class=\"elementor-widget-container\">\n\t\t\t\t\t<h2 class=\"elementor-heading-title elementor-size-default\">G\u00eete le grand<\/h2>\t\t\t\t<\/div>\n\t\t\t\t<\/div>\n\t\t\t\t<div class=\"elementor-element elementor-element-ddacb27 elementor-widget elementor-widget-heading\" data-id=\"ddacb27\" data-element_type=\"widget\" data-e-type=\"widget\" data-widget_type=\"heading.default\">\n\t\t\t\t<div class=\"elementor-widget-container\">\n\t\t\t\t\t<h3 class=\"elementor-heading-title elementor-size-default\">12 + 1 people<\/h3>\t\t\t\t<\/div>\n\t\t\t\t<\/div>\n\t\t\t\t<\/div>\n\t\t<div class=\"elementor-element elementor-element-2df0e022 e-con-full e-flex e-con e-child\" data-id=\"2df0e022\" data-element_type=\"container\" data-e-type=\"container\">\n\t\t\t\t<div class=\"elementor-element elementor-element-2255044 elementor-cta--skin-cover elementor-cta--valign-bottom elementor-animated-content elementor-bg-transform elementor-bg-transform-zoom-in elementor-widget elementor-widget-call-to-action\" data-id=\"2255044\" data-element_type=\"widget\" data-e-type=\"widget\" data-widget_type=\"call-to-action.default\">\n\t\t\t\t<div class=\"elementor-widget-container\">\n\t\t\t\t\t\t\t<a class=\"elementor-cta\" href=\"https:\/\/lelimodin.com\/gites-seine-marne\/gites-manoir-limodin-2\/\">\n\t\t\t\t\t<div class=\"elementor-cta__bg-wrapper\">\n\t\t\t\t<div class=\"elementor-cta__bg elementor-bg\" style=\"background-image: url(https:\/\/lelimodin.com\/wp-content\/uploads\/2023\/01\/entree-gite-chauvet-le-limodin-77.jpg);\" role=\"img\" aria-label=\"Magnifique jardin\"><\/div>\n\t\t\t\t<div class=\"elementor-cta__bg-overlay\"><\/div>\n\t\t\t<\/div>\n\t\t\t\t\t\t\t<div class=\"elementor-cta__content\">\n\t\t\t\t\n\t\t\t\t\n\t\t\t\t\n\t\t\t\t\t\t\t\t\t<div class=\"elementor-cta__button-wrapper elementor-cta__content-item elementor-content-item elementor-animated-item--grow\">\n\t\t\t\t\t<span class=\"elementor-cta__button elementor-button elementor-size-md\">\n\t\t\t\t\t\tBook\t\t\t\t\t<\/span>\n\t\t\t\t\t<\/div>\n\t\t\t\t\t\t\t<\/div>\n\t\t\t\t\t\t<\/a>\n\t\t\t\t\t\t<\/div>\n\t\t\t\t<\/div>\n\t\t\t\t<div class=\"elementor-element elementor-element-3324a6b4 elementor-widget elementor-widget-heading\" data-id=\"3324a6b4\" data-element_type=\"widget\" data-e-type=\"widget\" data-widget_type=\"heading.default\">\n\t\t\t\t<div class=\"elementor-widget-container\">\n\t\t\t\t\t<h2 class=\"elementor-heading-title elementor-size-default\">G\u00eete chauvet<\/h2>\t\t\t\t<\/div>\n\t\t\t\t<\/div>\n\t\t\t\t<div class=\"elementor-element elementor-element-458753 elementor-widget elementor-widget-heading\" data-id=\"458753\" data-element_type=\"widget\" data-e-type=\"widget\" data-widget_type=\"heading.default\">\n\t\t\t\t<div class=\"elementor-widget-container\">\n\t\t\t\t\t<h3 class=\"elementor-heading-title elementor-size-default\">8 people<\/h3>\t\t\t\t<\/div>\n\t\t\t\t<\/div>\n\t\t\t\t<\/div>\n\t\t<div class=\"elementor-element elementor-element-273830d8 e-con-full e-flex e-con e-child\" data-id=\"273830d8\" data-element_type=\"container\" data-e-type=\"container\">\n\t\t\t\t<div class=\"elementor-element elementor-element-25c9feb elementor-cta--skin-cover elementor-cta--valign-bottom elementor-animated-content elementor-bg-transform elementor-bg-transform-zoom-in elementor-widget elementor-widget-call-to-action\" data-id=\"25c9feb\" data-element_type=\"widget\" data-e-type=\"widget\" data-widget_type=\"call-to-action.default\">\n\t\t\t\t<div class=\"elementor-widget-container\">\n\t\t\t\t\t\t\t<a class=\"elementor-cta\" href=\"https:\/\/lelimodin.com\/gites-seine-marne\/gites-logis-limodin\/\">\n\t\t\t\t\t<div class=\"elementor-cta__bg-wrapper\">\n\t\t\t\t<div class=\"elementor-cta__bg elementor-bg\" style=\"background-image: url(https:\/\/lelimodin.com\/wp-content\/uploads\/2023\/04\/salon-salle-a-manger-cuisine-ouverte-jodelle.jpg);\" role=\"img\" aria-label=\"salon-salle-a-manger-cuisine-ouverte-jodelle\"><\/div>\n\t\t\t\t<div class=\"elementor-cta__bg-overlay\"><\/div>\n\t\t\t<\/div>\n\t\t\t\t\t\t\t<div class=\"elementor-cta__content\">\n\t\t\t\t\n\t\t\t\t\n\t\t\t\t\n\t\t\t\t\t\t\t\t\t<div class=\"elementor-cta__button-wrapper elementor-cta__content-item elementor-content-item elementor-animated-item--grow\">\n\t\t\t\t\t<span class=\"elementor-cta__button elementor-button elementor-size-md\">\n\t\t\t\t\t\tBook\t\t\t\t\t<\/span>\n\t\t\t\t\t<\/div>\n\t\t\t\t\t\t\t<\/div>\n\t\t\t\t\t\t<\/a>\n\t\t\t\t\t\t<\/div>\n\t\t\t\t<\/div>\n\t\t\t\t<div class=\"elementor-element elementor-element-20aa202c elementor-widget elementor-widget-heading\" data-id=\"20aa202c\" data-element_type=\"widget\" data-e-type=\"widget\" data-widget_type=\"heading.default\">\n\t\t\t\t<div class=\"elementor-widget-container\">\n\t\t\t\t\t<h2 class=\"elementor-heading-title elementor-size-default\">G\u00eete jodelle<\/h2>\t\t\t\t<\/div>\n\t\t\t\t<\/div>\n\t\t\t\t<div class=\"elementor-element elementor-element-d6881ce elementor-widget elementor-widget-heading\" data-id=\"d6881ce\" data-element_type=\"widget\" data-e-type=\"widget\" data-widget_type=\"heading.default\">\n\t\t\t\t<div class=\"elementor-widget-container\">\n\t\t\t\t\t<h3 class=\"elementor-heading-title elementor-size-default\">12 + 1 people<\/h3>\t\t\t\t<\/div>\n\t\t\t\t<\/div>\n\t\t\t\t<\/div>\n\t\t\t\t\t<\/div>\n\t\t\t\t<\/div>\n\t\t\t\t<\/div>\n\t\t","protected":false},"excerpt":{"rendered":"<p>Book your exceptional g\u00eete now Book G\u00eete le grand 12 + 1 people Book G\u00eete chauvet 8 people Book G\u00eete jodelle 12 + 1 people<\/p>\n","protected":false},"author":1,"featured_media":0,"parent":2644,"menu_order":0,"comment_status":"closed","ping_status":"closed","template":"","meta":{"footnotes":""},"class_list":["post-2611","page","type-page","status-publish","hentry"],"yoast_head":"<!-- This site is optimized with the Yoast SEO plugin v27.3 - https:\/\/yoast.com\/product\/yoast-seo-wordpress\/ -->\n<title>Book - Le Limodin<\/title>\n<meta name=\"robots\" content=\"index, follow, max-snippet:-1, max-image-preview:large, max-video-preview:-1\" \/>\n<link rel=\"canonical\" href=\"https:\/\/lelimodin.com\/en\/gites-in-seine-marne\/book\/\" \/>\n<meta property=\"og:locale\" content=\"en_US\" \/>\n<meta property=\"og:type\" content=\"article\" \/>\n<meta property=\"og:title\" content=\"Book - Le Limodin\" \/>\n<meta property=\"og:description\" content=\"Book your exceptional g\u00eete now Book G\u00eete le grand 12 + 1 people Book G\u00eete chauvet 8 people Book G\u00eete jodelle 12 + 1 people\" \/>\n<meta property=\"og:url\" content=\"https:\/\/lelimodin.com\/en\/gites-in-seine-marne\/book\/\" \/>\n<meta property=\"og:site_name\" content=\"Le Limodin\" \/>\n<meta property=\"article:modified_time\" content=\"2023-11-13T13:18:58+00:00\" \/>\n<meta property=\"og:image\" content=\"https:\/\/lelimodin.com\/wp-content\/uploads\/2023\/06\/entree-gite-chauvet-le-limodin-77-1024x683.jpg\" \/>\n\t<meta property=\"og:image:width\" content=\"1024\" \/>\n\t<meta property=\"og:image:height\" content=\"683\" \/>\n\t<meta property=\"og:image:type\" content=\"image\/jpeg\" \/>\n<meta name=\"twitter:card\" content=\"summary_large_image\" \/>\n<script type=\"application\/ld+json\" class=\"yoast-schema-graph\">{\"@context\":\"https:\\\/\\\/schema.org\",\"@graph\":[{\"@type\":\"WebPage\",\"@id\":\"https:\\\/\\\/lelimodin.com\\\/en\\\/gites-in-seine-marne\\\/book\\\/\",\"url\":\"https:\\\/\\\/lelimodin.com\\\/en\\\/gites-in-seine-marne\\\/book\\\/\",\"name\":\"Book - Le Limodin\",\"isPartOf\":{\"@id\":\"https:\\\/\\\/lelimodin.com\\\/en\\\/#website\"},\"datePublished\":\"2023-01-23T07:02:32+00:00\",\"dateModified\":\"2023-11-13T13:18:58+00:00\",\"breadcrumb\":{\"@id\":\"https:\\\/\\\/lelimodin.com\\\/en\\\/gites-in-seine-marne\\\/book\\\/#breadcrumb\"},\"inLanguage\":\"en-US\",\"potentialAction\":[{\"@type\":\"ReadAction\",\"target\":[\"https:\\\/\\\/lelimodin.com\\\/en\\\/gites-in-seine-marne\\\/book\\\/\"]}]},{\"@type\":\"BreadcrumbList\",\"@id\":\"https:\\\/\\\/lelimodin.com\\\/en\\\/gites-in-seine-marne\\\/book\\\/#breadcrumb\",\"itemListElement\":[{\"@type\":\"ListItem\",\"position\":1,\"name\":\"Accueil\",\"item\":\"https:\\\/\\\/lelimodin.com\\\/en\\\/\"},{\"@type\":\"ListItem\",\"position\":2,\"name\":\"Gites in Seine &amp; Marne\",\"item\":\"https:\\\/\\\/lelimodin.com\\\/en\\\/gites-in-seine-marne\\\/\"},{\"@type\":\"ListItem\",\"position\":3,\"name\":\"Book\"}]},{\"@type\":\"WebSite\",\"@id\":\"https:\\\/\\\/lelimodin.com\\\/en\\\/#website\",\"url\":\"https:\\\/\\\/lelimodin.com\\\/en\\\/\",\"name\":\"Le Limodin\",\"description\":\"Gites d&#039;exception en Seine et Marne\",\"publisher\":{\"@id\":\"https:\\\/\\\/lelimodin.com\\\/en\\\/#organization\"},\"alternateName\":\"Gites \u00e0 proximit\u00e9 d'Eurodisney\",\"potentialAction\":[{\"@type\":\"SearchAction\",\"target\":{\"@type\":\"EntryPoint\",\"urlTemplate\":\"https:\\\/\\\/lelimodin.com\\\/en\\\/?s={search_term_string}\"},\"query-input\":{\"@type\":\"PropertyValueSpecification\",\"valueRequired\":true,\"valueName\":\"search_term_string\"}}],\"inLanguage\":\"en-US\"},{\"@type\":\"Organization\",\"@id\":\"https:\\\/\\\/lelimodin.com\\\/en\\\/#organization\",\"name\":\"Le Limodin\",\"url\":\"https:\\\/\\\/lelimodin.com\\\/en\\\/\",\"logo\":{\"@type\":\"ImageObject\",\"inLanguage\":\"en-US\",\"@id\":\"https:\\\/\\\/lelimodin.com\\\/en\\\/#\\\/schema\\\/logo\\\/image\\\/\",\"url\":\"https:\\\/\\\/lelimodin.com\\\/wp-content\\\/uploads\\\/2023\\\/03\\\/cropped-LIMODIN_maison-hote.png\",\"contentUrl\":\"https:\\\/\\\/lelimodin.com\\\/wp-content\\\/uploads\\\/2023\\\/03\\\/cropped-LIMODIN_maison-hote.png\",\"width\":339,\"height\":293,\"caption\":\"Le Limodin\"},\"image\":{\"@id\":\"https:\\\/\\\/lelimodin.com\\\/en\\\/#\\\/schema\\\/logo\\\/image\\\/\"}}]}<\/script>\n<!-- \/ Yoast SEO plugin. -->","yoast_head_json":{"title":"Book - Le Limodin","robots":{"index":"index","follow":"follow","max-snippet":"max-snippet:-1","max-image-preview":"max-image-preview:large","max-video-preview":"max-video-preview:-1"},"canonical":"https:\/\/lelimodin.com\/en\/gites-in-seine-marne\/book\/","og_locale":"en_US","og_type":"article","og_title":"Book - Le Limodin","og_description":"Book your exceptional g\u00eete now Book G\u00eete le grand 12 + 1 people Book G\u00eete chauvet 8 people Book G\u00eete jodelle 12 + 1 people","og_url":"https:\/\/lelimodin.com\/en\/gites-in-seine-marne\/book\/","og_site_name":"Le Limodin","article_modified_time":"2023-11-13T13:18:58+00:00","og_image":[{"width":1024,"height":683,"url":"https:\/\/lelimodin.com\/wp-content\/uploads\/2023\/06\/entree-gite-chauvet-le-limodin-77-1024x683.jpg","type":"image\/jpeg"}],"twitter_card":"summary_large_image","schema":{"@context":"https:\/\/schema.org","@graph":[{"@type":"WebPage","@id":"https:\/\/lelimodin.com\/en\/gites-in-seine-marne\/book\/","url":"https:\/\/lelimodin.com\/en\/gites-in-seine-marne\/book\/","name":"Book - Le Limodin","isPartOf":{"@id":"https:\/\/lelimodin.com\/en\/#website"},"datePublished":"2023-01-23T07:02:32+00:00","dateModified":"2023-11-13T13:18:58+00:00","breadcrumb":{"@id":"https:\/\/lelimodin.com\/en\/gites-in-seine-marne\/book\/#breadcrumb"},"inLanguage":"en-US","potentialAction":[{"@type":"ReadAction","target":["https:\/\/lelimodin.com\/en\/gites-in-seine-marne\/book\/"]}]},{"@type":"BreadcrumbList","@id":"https:\/\/lelimodin.com\/en\/gites-in-seine-marne\/book\/#breadcrumb","itemListElement":[{"@type":"ListItem","position":1,"name":"Accueil","item":"https:\/\/lelimodin.com\/en\/"},{"@type":"ListItem","position":2,"name":"Gites in Seine &amp; Marne","item":"https:\/\/lelimodin.com\/en\/gites-in-seine-marne\/"},{"@type":"ListItem","position":3,"name":"Book"}]},{"@type":"WebSite","@id":"https:\/\/lelimodin.com\/en\/#website","url":"https:\/\/lelimodin.com\/en\/","name":"Le Limodin","description":"Gites d&#039;exception en Seine et Marne","publisher":{"@id":"https:\/\/lelimodin.com\/en\/#organization"},"alternateName":"Gites \u00e0 proximit\u00e9 d'Eurodisney","potentialAction":[{"@type":"SearchAction","target":{"@type":"EntryPoint","urlTemplate":"https:\/\/lelimodin.com\/en\/?s={search_term_string}"},"query-input":{"@type":"PropertyValueSpecification","valueRequired":true,"valueName":"search_term_string"}}],"inLanguage":"en-US"},{"@type":"Organization","@id":"https:\/\/lelimodin.com\/en\/#organization","name":"Le Limodin","url":"https:\/\/lelimodin.com\/en\/","logo":{"@type":"ImageObject","inLanguage":"en-US","@id":"https:\/\/lelimodin.com\/en\/#\/schema\/logo\/image\/","url":"https:\/\/lelimodin.com\/wp-content\/uploads\/2023\/03\/cropped-LIMODIN_maison-hote.png","contentUrl":"https:\/\/lelimodin.com\/wp-content\/uploads\/2023\/03\/cropped-LIMODIN_maison-hote.png","width":339,"height":293,"caption":"Le Limodin"},"image":{"@id":"https:\/\/lelimodin.com\/en\/#\/schema\/logo\/image\/"}}]}},"_links":{"self":[{"href":"https:\/\/lelimodin.com\/en\/wp-json\/wp\/v2\/pages\/2611","targetHints":{"allow":["GET"]}}],"collection":[{"href":"https:\/\/lelimodin.com\/en\/wp-json\/wp\/v2\/pages"}],"about":[{"href":"https:\/\/lelimodin.com\/en\/wp-json\/wp\/v2\/types\/page"}],"author":[{"embeddable":true,"href":"https:\/\/lelimodin.com\/en\/wp-json\/wp\/v2\/users\/1"}],"replies":[{"embeddable":true,"href":"https:\/\/lelimodin.com\/en\/wp-json\/wp\/v2\/comments?post=2611"}],"version-history":[{"count":1,"href":"https:\/\/lelimodin.com\/en\/wp-json\/wp\/v2\/pages\/2611\/revisions"}],"predecessor-version":[{"id":2612,"href":"https:\/\/lelimodin.com\/en\/wp-json\/wp\/v2\/pages\/2611\/revisions\/2612"}],"up":[{"embeddable":true,"href":"https:\/\/lelimodin.com\/en\/wp-json\/wp\/v2\/pages\/2644"}],"wp:attachment":[{"href":"https:\/\/lelimodin.com\/en\/wp-json\/wp\/v2\/media?parent=2611"}],"curies":[{"name":"wp","href":"https:\/\/api.w.org\/{rel}","templated":true}]}}