{"id":2627,"date":"2023-01-23T07:49:47","date_gmt":"2023-01-23T06:49:47","guid":{"rendered":"https:\/\/lelimodin.com\/useful-information\/history-sheet\/"},"modified":"2023-11-23T09:24:27","modified_gmt":"2023-11-23T08:24:27","slug":"history-sheet","status":"publish","type":"page","link":"https:\/\/lelimodin.com\/en\/useful-information\/history-sheet\/","title":{"rendered":"History sheet"},"content":{"rendered":"\t\t<div data-elementor-type=\"wp-page\" data-elementor-id=\"2627\" class=\"elementor elementor-2627 elementor-48\" data-elementor-post-type=\"page\">\n\t\t\t\t<div class=\"elementor-element elementor-element-48c58be e-flex e-con-boxed e-con e-parent\" data-id=\"48c58be\" data-element_type=\"container\" data-e-type=\"container\">\n\t\t\t\t\t<div class=\"e-con-inner\">\n\t\t\t\t<div class=\"elementor-element elementor-element-aa32fb1 elementor-widget elementor-widget-image\" data-id=\"aa32fb1\" data-element_type=\"widget\" data-e-type=\"widget\" data-widget_type=\"image.default\">\n\t\t\t\t<div class=\"elementor-widget-container\">\n\t\t\t\t\t\t\t\t\t\t\t\t\t\t\t<img fetchpriority=\"high\" decoding=\"async\" width=\"1920\" height=\"883\" src=\"https:\/\/lelimodin.com\/wp-content\/uploads\/2023\/01\/entree-jardin-jodelle-salon-nature-parking-e1680628042970.jpg\" class=\"attachment-full size-full wp-image-2287\" alt=\"\" srcset=\"https:\/\/lelimodin.com\/wp-content\/uploads\/2023\/01\/entree-jardin-jodelle-salon-nature-parking-e1680628042970.jpg 1920w, https:\/\/lelimodin.com\/wp-content\/uploads\/2023\/01\/entree-jardin-jodelle-salon-nature-parking-e1680628042970-300x138.jpg 300w, https:\/\/lelimodin.com\/wp-content\/uploads\/2023\/01\/entree-jardin-jodelle-salon-nature-parking-e1680628042970-1024x471.jpg 1024w, https:\/\/lelimodin.com\/wp-content\/uploads\/2023\/01\/entree-jardin-jodelle-salon-nature-parking-e1680628042970-768x353.jpg 768w, https:\/\/lelimodin.com\/wp-content\/uploads\/2023\/01\/entree-jardin-jodelle-salon-nature-parking-e1680628042970-1536x706.jpg 1536w\" sizes=\"(max-width: 1920px) 100vw, 1920px\" \/>\t\t\t\t\t\t\t\t\t\t\t\t\t\t\t<\/div>\n\t\t\t\t<\/div>\n\t\t\t\t\t<\/div>\n\t\t\t\t<\/div>\n\t\t\t\t<section class=\"elementor-section elementor-top-section elementor-element elementor-element-4b39211c elementor-section-boxed elementor-section-height-default elementor-section-height-default\" data-id=\"4b39211c\" data-element_type=\"section\" data-e-type=\"section\">\n\t\t\t\t\t\t<div class=\"elementor-container elementor-column-gap-default\">\n\t\t\t\t\t<div class=\"elementor-column elementor-col-100 elementor-top-column elementor-element elementor-element-2ebcb7f8\" data-id=\"2ebcb7f8\" data-element_type=\"column\" data-e-type=\"column\">\n\t\t\t<div class=\"elementor-widget-wrap elementor-element-populated\">\n\t\t\t\t\t\t<div class=\"elementor-element elementor-element-6b74a36 elementor-widget elementor-widget-text-editor\" data-id=\"6b74a36\" data-element_type=\"widget\" data-e-type=\"widget\" data-widget_type=\"text-editor.default\">\n\t\t\t\t<div class=\"elementor-widget-container\">\n\t\t\t\t\t\t\t\t\t<p><\/p>\n<h2>Etienne JODELLE<\/h2>\n<p><\/p>\n<p>Sieur du Lymodin, French poet, born in Paris in 1532, died in 1573.<\/p>\n<p><\/p>\n<p>In the restoration of ancient poetry attempted by the Pl\u00e9iade, he took charge of dramatic poetry. The dazzling performance of Cl\u00e9op\u00e2tre captive in the courtyard of the H\u00f4tel des Archev\u00eaques de Reims, rue du Paon, in 1552 marked an important date in French literary history. This is the first attempt at classical tragedy. According to Brant\u00f4me, King Henry II gave the poet 500 \u00e9cus &nbsp;&#8220;from his savings&#8221;. At the carnival in 1553, Jodelle and his friends went to Arcueil to celebrate the triumph of dramatic art. They seized a goat and brought it, crowned with foliage, to the tragic poet. This joke, recounted by Ronsard in the Folasstrissime voyage d&#8217;Hercueil, is the limit of the alleged pagan sacrifice mentioned in the legend&nbsp;. It is above all as an initiator that Jodelle deserves credit from French tragedy, for his imitation is slavish, his style rough, and his versification not very regular. Ronsard, who had admired him at first, later showed himself to be more severe.<\/p>\n<p><\/p>\n<p>Jodelle also wrote Didon se sacrifiant, a tragedy; Eug\u00e8ne, a comedy; La Rencontre, a lost comedy; a Recueil des inscriptions, figures, devises, et mascarades ordonn\u00e9es \u00e0 l&#8217;H\u00f4tel de Ville de Paris le jeudi 17 f\u00e9vrier 1558; l&#8217;Hym\u00e9n\u00e9e du roi CharlesIX, les Amours.<\/p>\n<p><\/p>\n<p>His works were collected by Charles de La Motte (1574), then by Marty Laveaux (1868-1870).<\/p>\n<p><\/p>\n<p>Jodelle was also an architect, painter, sculptor and skilled fencer.<\/p>\n<p><\/p>\t\t\t\t\t\t\t\t<\/div>\n\t\t\t\t<\/div>\n\t\t\t\t\t<\/div>\n\t\t<\/div>\n\t\t\t\t\t<\/div>\n\t\t<\/section>\n\t\t\t\t<\/div>\n\t\t","protected":false},"excerpt":{"rendered":"<p>Etienne JODELLE Sieur du Lymodin, French poet, born in Paris in 1532, died in 1573. In the restoration of ancient poetry attempted by the Pl\u00e9iade, he took charge of dramatic poetry. The dazzling performance of Cl\u00e9op\u00e2tre captive in the courtyard of the H\u00f4tel des Archev\u00eaques de Reims, rue du Paon, in 1552 marked an important [&hellip;]<\/p>\n","protected":false},"author":1,"featured_media":0,"parent":2625,"menu_order":0,"comment_status":"closed","ping_status":"closed","template":"","meta":{"footnotes":""},"class_list":["post-2627","page","type-page","status-publish","hentry"],"yoast_head":"<!-- This site is optimized with the Yoast SEO plugin v27.3 - https:\/\/yoast.com\/product\/yoast-seo-wordpress\/ -->\n<title>History sheet - Le Limodin<\/title>\n<meta name=\"robots\" content=\"index, follow, max-snippet:-1, max-image-preview:large, max-video-preview:-1\" \/>\n<link rel=\"canonical\" href=\"https:\/\/lelimodin.com\/en\/useful-information\/history-sheet\/\" \/>\n<meta property=\"og:locale\" content=\"en_US\" \/>\n<meta property=\"og:type\" content=\"article\" \/>\n<meta property=\"og:title\" content=\"History sheet - Le Limodin\" \/>\n<meta property=\"og:description\" content=\"Etienne JODELLE Sieur du Lymodin, French poet, born in Paris in 1532, died in 1573. In the restoration of ancient poetry attempted by the Pl\u00e9iade, he took charge of dramatic poetry. The dazzling performance of Cl\u00e9op\u00e2tre captive in the courtyard of the H\u00f4tel des Archev\u00eaques de Reims, rue du Paon, in 1552 marked an important [&hellip;]\" \/>\n<meta property=\"og:url\" content=\"https:\/\/lelimodin.com\/en\/useful-information\/history-sheet\/\" \/>\n<meta property=\"og:site_name\" content=\"Le Limodin\" \/>\n<meta property=\"article:modified_time\" content=\"2023-11-23T08:24:27+00:00\" \/>\n<meta property=\"og:image\" content=\"https:\/\/lelimodin.com\/wp-content\/uploads\/2023\/01\/entree-jardin-jodelle-salon-nature-parking-e1680628042970.jpg\" \/>\n<meta name=\"twitter:card\" content=\"summary_large_image\" \/>\n<meta name=\"twitter:label1\" content=\"Est. reading time\" \/>\n\t<meta name=\"twitter:data1\" content=\"1 minute\" \/>\n<script type=\"application\/ld+json\" class=\"yoast-schema-graph\">{\"@context\":\"https:\\\/\\\/schema.org\",\"@graph\":[{\"@type\":\"WebPage\",\"@id\":\"https:\\\/\\\/lelimodin.com\\\/en\\\/useful-information\\\/history-sheet\\\/\",\"url\":\"https:\\\/\\\/lelimodin.com\\\/en\\\/useful-information\\\/history-sheet\\\/\",\"name\":\"History sheet - Le Limodin\",\"isPartOf\":{\"@id\":\"https:\\\/\\\/lelimodin.com\\\/en\\\/#website\"},\"primaryImageOfPage\":{\"@id\":\"https:\\\/\\\/lelimodin.com\\\/en\\\/useful-information\\\/history-sheet\\\/#primaryimage\"},\"image\":{\"@id\":\"https:\\\/\\\/lelimodin.com\\\/en\\\/useful-information\\\/history-sheet\\\/#primaryimage\"},\"thumbnailUrl\":\"https:\\\/\\\/lelimodin.com\\\/wp-content\\\/uploads\\\/2023\\\/01\\\/entree-jardin-jodelle-salon-nature-parking-e1680628042970.jpg\",\"datePublished\":\"2023-01-23T06:49:47+00:00\",\"dateModified\":\"2023-11-23T08:24:27+00:00\",\"breadcrumb\":{\"@id\":\"https:\\\/\\\/lelimodin.com\\\/en\\\/useful-information\\\/history-sheet\\\/#breadcrumb\"},\"inLanguage\":\"en-US\",\"potentialAction\":[{\"@type\":\"ReadAction\",\"target\":[\"https:\\\/\\\/lelimodin.com\\\/en\\\/useful-information\\\/history-sheet\\\/\"]}]},{\"@type\":\"ImageObject\",\"inLanguage\":\"en-US\",\"@id\":\"https:\\\/\\\/lelimodin.com\\\/en\\\/useful-information\\\/history-sheet\\\/#primaryimage\",\"url\":\"https:\\\/\\\/lelimodin.com\\\/wp-content\\\/uploads\\\/2023\\\/01\\\/entree-jardin-jodelle-salon-nature-parking-e1680628042970.jpg\",\"contentUrl\":\"https:\\\/\\\/lelimodin.com\\\/wp-content\\\/uploads\\\/2023\\\/01\\\/entree-jardin-jodelle-salon-nature-parking-e1680628042970.jpg\"},{\"@type\":\"BreadcrumbList\",\"@id\":\"https:\\\/\\\/lelimodin.com\\\/en\\\/useful-information\\\/history-sheet\\\/#breadcrumb\",\"itemListElement\":[{\"@type\":\"ListItem\",\"position\":1,\"name\":\"Accueil\",\"item\":\"https:\\\/\\\/lelimodin.com\\\/en\\\/\"},{\"@type\":\"ListItem\",\"position\":2,\"name\":\"USEFUL INFORMATION\",\"item\":\"https:\\\/\\\/lelimodin.com\\\/en\\\/useful-information\\\/\"},{\"@type\":\"ListItem\",\"position\":3,\"name\":\"History sheet\"}]},{\"@type\":\"WebSite\",\"@id\":\"https:\\\/\\\/lelimodin.com\\\/en\\\/#website\",\"url\":\"https:\\\/\\\/lelimodin.com\\\/en\\\/\",\"name\":\"Le Limodin\",\"description\":\"Gites d&#039;exception en Seine et Marne\",\"publisher\":{\"@id\":\"https:\\\/\\\/lelimodin.com\\\/en\\\/#organization\"},\"alternateName\":\"Gites \u00e0 proximit\u00e9 d'Eurodisney\",\"potentialAction\":[{\"@type\":\"SearchAction\",\"target\":{\"@type\":\"EntryPoint\",\"urlTemplate\":\"https:\\\/\\\/lelimodin.com\\\/en\\\/?s={search_term_string}\"},\"query-input\":{\"@type\":\"PropertyValueSpecification\",\"valueRequired\":true,\"valueName\":\"search_term_string\"}}],\"inLanguage\":\"en-US\"},{\"@type\":\"Organization\",\"@id\":\"https:\\\/\\\/lelimodin.com\\\/en\\\/#organization\",\"name\":\"Le Limodin\",\"url\":\"https:\\\/\\\/lelimodin.com\\\/en\\\/\",\"logo\":{\"@type\":\"ImageObject\",\"inLanguage\":\"en-US\",\"@id\":\"https:\\\/\\\/lelimodin.com\\\/en\\\/#\\\/schema\\\/logo\\\/image\\\/\",\"url\":\"https:\\\/\\\/lelimodin.com\\\/wp-content\\\/uploads\\\/2023\\\/03\\\/cropped-LIMODIN_maison-hote.png\",\"contentUrl\":\"https:\\\/\\\/lelimodin.com\\\/wp-content\\\/uploads\\\/2023\\\/03\\\/cropped-LIMODIN_maison-hote.png\",\"width\":339,\"height\":293,\"caption\":\"Le Limodin\"},\"image\":{\"@id\":\"https:\\\/\\\/lelimodin.com\\\/en\\\/#\\\/schema\\\/logo\\\/image\\\/\"}}]}<\/script>\n<!-- \/ Yoast SEO plugin. -->","yoast_head_json":{"title":"History sheet - Le Limodin","robots":{"index":"index","follow":"follow","max-snippet":"max-snippet:-1","max-image-preview":"max-image-preview:large","max-video-preview":"max-video-preview:-1"},"canonical":"https:\/\/lelimodin.com\/en\/useful-information\/history-sheet\/","og_locale":"en_US","og_type":"article","og_title":"History sheet - Le Limodin","og_description":"Etienne JODELLE Sieur du Lymodin, French poet, born in Paris in 1532, died in 1573. In the restoration of ancient poetry attempted by the Pl\u00e9iade, he took charge of dramatic poetry. The dazzling performance of Cl\u00e9op\u00e2tre captive in the courtyard of the H\u00f4tel des Archev\u00eaques de Reims, rue du Paon, in 1552 marked an important [&hellip;]","og_url":"https:\/\/lelimodin.com\/en\/useful-information\/history-sheet\/","og_site_name":"Le Limodin","article_modified_time":"2023-11-23T08:24:27+00:00","og_image":[{"url":"https:\/\/lelimodin.com\/wp-content\/uploads\/2023\/01\/entree-jardin-jodelle-salon-nature-parking-e1680628042970.jpg","type":"","width":"","height":""}],"twitter_card":"summary_large_image","twitter_misc":{"Est. reading time":"1 minute"},"schema":{"@context":"https:\/\/schema.org","@graph":[{"@type":"WebPage","@id":"https:\/\/lelimodin.com\/en\/useful-information\/history-sheet\/","url":"https:\/\/lelimodin.com\/en\/useful-information\/history-sheet\/","name":"History sheet - Le Limodin","isPartOf":{"@id":"https:\/\/lelimodin.com\/en\/#website"},"primaryImageOfPage":{"@id":"https:\/\/lelimodin.com\/en\/useful-information\/history-sheet\/#primaryimage"},"image":{"@id":"https:\/\/lelimodin.com\/en\/useful-information\/history-sheet\/#primaryimage"},"thumbnailUrl":"https:\/\/lelimodin.com\/wp-content\/uploads\/2023\/01\/entree-jardin-jodelle-salon-nature-parking-e1680628042970.jpg","datePublished":"2023-01-23T06:49:47+00:00","dateModified":"2023-11-23T08:24:27+00:00","breadcrumb":{"@id":"https:\/\/lelimodin.com\/en\/useful-information\/history-sheet\/#breadcrumb"},"inLanguage":"en-US","potentialAction":[{"@type":"ReadAction","target":["https:\/\/lelimodin.com\/en\/useful-information\/history-sheet\/"]}]},{"@type":"ImageObject","inLanguage":"en-US","@id":"https:\/\/lelimodin.com\/en\/useful-information\/history-sheet\/#primaryimage","url":"https:\/\/lelimodin.com\/wp-content\/uploads\/2023\/01\/entree-jardin-jodelle-salon-nature-parking-e1680628042970.jpg","contentUrl":"https:\/\/lelimodin.com\/wp-content\/uploads\/2023\/01\/entree-jardin-jodelle-salon-nature-parking-e1680628042970.jpg"},{"@type":"BreadcrumbList","@id":"https:\/\/lelimodin.com\/en\/useful-information\/history-sheet\/#breadcrumb","itemListElement":[{"@type":"ListItem","position":1,"name":"Accueil","item":"https:\/\/lelimodin.com\/en\/"},{"@type":"ListItem","position":2,"name":"USEFUL INFORMATION","item":"https:\/\/lelimodin.com\/en\/useful-information\/"},{"@type":"ListItem","position":3,"name":"History sheet"}]},{"@type":"WebSite","@id":"https:\/\/lelimodin.com\/en\/#website","url":"https:\/\/lelimodin.com\/en\/","name":"Le Limodin","description":"Gites d&#039;exception en Seine et Marne","publisher":{"@id":"https:\/\/lelimodin.com\/en\/#organization"},"alternateName":"Gites \u00e0 proximit\u00e9 d'Eurodisney","potentialAction":[{"@type":"SearchAction","target":{"@type":"EntryPoint","urlTemplate":"https:\/\/lelimodin.com\/en\/?s={search_term_string}"},"query-input":{"@type":"PropertyValueSpecification","valueRequired":true,"valueName":"search_term_string"}}],"inLanguage":"en-US"},{"@type":"Organization","@id":"https:\/\/lelimodin.com\/en\/#organization","name":"Le Limodin","url":"https:\/\/lelimodin.com\/en\/","logo":{"@type":"ImageObject","inLanguage":"en-US","@id":"https:\/\/lelimodin.com\/en\/#\/schema\/logo\/image\/","url":"https:\/\/lelimodin.com\/wp-content\/uploads\/2023\/03\/cropped-LIMODIN_maison-hote.png","contentUrl":"https:\/\/lelimodin.com\/wp-content\/uploads\/2023\/03\/cropped-LIMODIN_maison-hote.png","width":339,"height":293,"caption":"Le Limodin"},"image":{"@id":"https:\/\/lelimodin.com\/en\/#\/schema\/logo\/image\/"}}]}},"_links":{"self":[{"href":"https:\/\/lelimodin.com\/en\/wp-json\/wp\/v2\/pages\/2627","targetHints":{"allow":["GET"]}}],"collection":[{"href":"https:\/\/lelimodin.com\/en\/wp-json\/wp\/v2\/pages"}],"about":[{"href":"https:\/\/lelimodin.com\/en\/wp-json\/wp\/v2\/types\/page"}],"author":[{"embeddable":true,"href":"https:\/\/lelimodin.com\/en\/wp-json\/wp\/v2\/users\/1"}],"replies":[{"embeddable":true,"href":"https:\/\/lelimodin.com\/en\/wp-json\/wp\/v2\/comments?post=2627"}],"version-history":[{"count":4,"href":"https:\/\/lelimodin.com\/en\/wp-json\/wp\/v2\/pages\/2627\/revisions"}],"predecessor-version":[{"id":2791,"href":"https:\/\/lelimodin.com\/en\/wp-json\/wp\/v2\/pages\/2627\/revisions\/2791"}],"up":[{"embeddable":true,"href":"https:\/\/lelimodin.com\/en\/wp-json\/wp\/v2\/pages\/2625"}],"wp:attachment":[{"href":"https:\/\/lelimodin.com\/en\/wp-json\/wp\/v2\/media?parent=2627"}],"curies":[{"name":"wp","href":"https:\/\/api.w.org\/{rel}","templated":true}]}}